{"id":979,"date":"2019-03-01T14:34:32","date_gmt":"2019-03-01T14:34:32","guid":{"rendered":"http:\/\/www.lovibond-drinks.be\/?page_id=979"},"modified":"2026-01-23T13:15:25","modified_gmt":"2026-01-23T13:15:25","slug":"a-propos","status":"publish","type":"page","link":"https:\/\/www.lovibond-drinks.be\/fr\/a-propos\/","title":{"rendered":"\u00e0 propos"},"content":{"rendered":"<h1>\n<p>On \u00e9tanche votre soif <br \/>depuis 2013<\/p>\n<\/h1>\n<div>\n<p data-start=\"174\" data-end=\"439\">lovibond\u2014drinks est importateur et distributeur de marques uniques en Belgique allant des bi\u00e8res artisanales et de microbrasserie \u00e0 une large gamme de sodas et boissons alternatifs. Importateur exclusif de Club-Mate depuis 2014, nous collaborons avec des entrepreneurs du secteur horeca, des organisateurs d\u2019\u00e9v\u00e9nements culturels et des d\u00e9taillants audacieux et pr\u00eats \u00e0 bousculer les codes.\u00a0<\/p>\n<\/div>\n<div>\n<\/div>\n<ul>\n<li>\n<h3>Notre s\u00e9lection pointue<\/h3>\n<div>\n<p>Notre lineup: une gamme cr\u00e9ative et diversifi\u00e9e de boissons. Nous s\u00e9lectionnons des marques originales, et mettons en avant des produits nouveaux, savoureux et \u00e9clectiques.<\/p>\n<\/div>\n<\/li>\n<li>\n<h3>Un r\u00e9seau comme nul autre<\/h3>\n<div>\n<p>Nos marques sont pr\u00e9sentes dans les meilleurs \u00e9tablissements horeca et points de vente belges (notamment Delhaize et Carrefour). Nous recherchons des partenaires partageant nos valeurs, pas seulement des clients transactionnels. La croissance compte, mais seulement si elle a du sens. Nous construisons des partenariats rentables, efficaces et durables, qui cr\u00e9ent de la valeur pour tous.<\/p>\n<\/p>\n<\/div>\n<\/li>\n<li>\n<h3>Faire les choses bien.<\/h3>\n<div>\n<p>IN<br \/>Nous croyons \u00e0 l&rsquo;importance de la qualit\u00e9 des interactions humaines au sein de notre \u00e9quipe. Nous travaillons ensemble avec respect, honn\u00eatet\u00e9 et soin, tout en maintenant une communication claire et directe.<\/p>\n<p>OUT<br \/>Nous respectons les personnes, les id\u00e9es et les cultures au-del\u00e0 des n\u00f4tres : ouverture, dialogue et diversit\u00e9 culturelle sont essentiels dans notre collaboration avec nos partenaires et les communaut\u00e9s o\u00f9 nous op\u00e9rons.<\/p>\n<\/div>\n<\/li>\n<\/ul>\n<div>\n<h3>Notre histoire<\/h3>\n<div>\n<p>Lovibond a \u00e9t\u00e9 fond\u00e9e en 2013, apr\u00e8s que notre fondateur Nicolas ait d\u00e9couvert CLUB-MATE \u00e0 Berlin et d\u00e9cid\u00e9 de l\u2019introduire en Belgique, introduisant une boisson ancr\u00e9e dans la culture, la vie nocturne et la cr\u00e9ativit\u00e9 sur un nouveau march\u00e9.<\/p>\n<p>De 2016 \u00e0 2022, nous avons \u00e9largi notre gamme avec des boissons alternatives partageant les m\u00eames racines culturelles que CLUB-MATE.<\/p>\n<p>En 2022, Lovibond signe avec Delhaize et Carrefour, une \u00e9tape d\u00e9cisive dans la distribution retail qui marque notre passage d&rsquo;une distribution de niche \u00e0 une \u00e9chelle plus large, ouvrant la voie \u00e0 des collaborations \u00e0 travers toute la Belgique.<\/p>\n<p>En 2024, Anthony rejoint l\u2019\u00e9quipe comme Managing Partner, renfor\u00e7ant le d\u00e9veloppement off-trade et out-of-home de Lovibond. Son arriv\u00e9e apporte structure et dynamisme aux activit\u00e9s retail, convenience et distribution \u00e0 grande \u00e9chelle.<\/p>\n<p>En 2025, Lovibond signe un accord de distribution exclusive avec YAYA Kombucha, confirmant sa position de leader sur le march\u00e9 belge des boissons alternatives.<\/p>\n<p>Le nom Lovibond est le nom de jeune fille de la m\u00e8re de Nicolas, une id\u00e9e de son fr\u00e8re, lui-m\u00eame fondateur de Lovibond Design SRL, un bureau d&rsquo;archi. Un nom de famille partag\u00e9 entre diff\u00e9rentes passions!<\/p>\n<\/div>\n<\/div>\n<hr>\n<h1>\n<p>Rejoignez notre \u00e9quipe<\/p>\n<\/h1>\n<div>\n<p data-start=\"174\" data-end=\"439\">Nous sommes une petite \u00e9quipe passionn\u00e9e, proche de nos partenaires et actifs sur le terrain. Si les bars, la culture et l&rsquo;\u00e9v\u00e9nementiel font partie de votre univers, lovibond est fait pour vous.<\/p>\n<\/div>\n<p><p>\n        <a href=\"http:\/\/www.lovibond-drinks.be\/fr\/?page_id=2450\">\u2192 Voir les postes ouverts<\/a>\n    <\/p>\n<\/p>\n<p><p>\n        <a href=\"http:\/\/www.lovibond-drinks.be\/fr\/?page_id=2450\">\u2192 Voir les postes ouverts<\/a>\n    <\/p>\n<\/p>\n<p><!--more--><br \/>\n<!-- {\"type\":\"layout\",\"children\":[{\"type\":\"section\",\"props\":{\"height\":\"viewport\",\"height_viewport\":35,\"image_position\":\"center-center\",\"padding_bottom\":\"small\",\"padding_top\":\"small\",\"style\":\"default\",\"title_breakpoint\":\"xl\",\"title_position\":\"top-left\",\"title_rotation\":\"left\",\"vertical_align\":\"\",\"width\":\"\"},\"children\":[{\"type\":\"row\",\"props\":{\"column_gap\":\"small\",\"layout\":\"1-2,1-2\",\"parallax\":false,\"width\":\"expand\"},\"children\":[{\"type\":\"column\",\"props\":{\"image_position\":\"center-center\",\"position_sticky_breakpoint\":\"m\",\"width_small\":\"1-2\"},\"children\":[{\"type\":\"headline\",\"props\":{\"class\":\"ink-bleed\",\"content\":\"\n\n<p>On \u00e9tanche votre soif <br \/>depuis 2013<\/p>\n\n\",\"image_align\":\"left\",\"image_margin\":\"xsmall\",\"margin_bottom\":\"medium\",\"margin_top\":\"medium\",\"title_element\":\"h1\",\"title_style\":\"h2\"}}]},{\"type\":\"column\",\"props\":{\"image_position\":\"center-center\",\"position_sticky_breakpoint\":\"m\",\"width_small\":\"1-2\"},\"children\":[{\"type\":\"text\",\"props\":{\"class\":\"ink-bleed\",\"column_breakpoint\":\"m\",\"content\":\"\n\n<p data-start=\\\"174\\\" data-end=\\\"439\\\">lovibond\u2014drinks est importateur et distributeur de marques uniques en Belgique allant des bi\u00e8res artisanales et de microbrasserie \u00e0 une large gamme de sodas et boissons alternatifs. Importateur exclusif de Club-Mate depuis 2014, nous collaborons avec des entrepreneurs du secteur horeca, des organisateurs d\u2019\u00e9v\u00e9nements culturels et des d\u00e9taillants audacieux et pr\u00eats \u00e0 bousculer les codes.\u00a0<\/p>\n\n\",\"margin_bottom\":\"default\",\"margin_top\":\"default\",\"maxwidth\":\"2xlarge\",\"text_style\":\"large\"}}]}]}]},{\"name\":\"Hero\",\"type\":\"section\",\"props\":{\"class\":\"demo\",\"header_transparent\":false,\"header_transparent_noplaceholder\":true,\"height\":\"viewport\",\"height_viewport\":65,\"image\":\"wp-content\/uploads\/lovibond-drinks-club-mate-belgium-hero-001.jpg\",\"image_parallax_bgx\":\"70,-70\",\"image_parallax_easing\":\"1\",\"image_position\":\"center-center\",\"image_size\":\"cover\",\"media_focal_point\":\"bottom-center\",\"media_overlay\":\"rgba(0, 0, 0, 0)\",\"overlap\":false,\"padding_bottom\":\"xlarge\",\"padding_top\":\"xlarge\",\"style\":\"secondary\",\"title_breakpoint\":\"xl\",\"title_position\":\"top-left\",\"title_rotation\":\"left\",\"vertical_align\":\"\",\"width\":\"\"},\"children\":[{\"type\":\"row\",\"children\":[{\"type\":\"column\",\"props\":{\"image_effect\":\"parallax\",\"image_parallax_bgy\":\"-10,-90\",\"image_parallax_easing\":\"1\",\"image_position\":\"center-center\",\"position_sticky_breakpoint\":\"m\",\"vertical_align\":\"middle\",\"width_medium\":\"1-1\"},\"children\":[{\"type\":\"html\",\"props\":{\"content\":\"\n\n\n\n\"}}]}],\"props\":{\"width\":\"expand\"}}]},{\"name\":\"VALUES\",\"type\":\"section\",\"props\":{\"height_viewport\":false,\"id\":\"services\",\"image_effect\":\"parallax\",\"image_parallax_bgx\":\"-300,-340\",\"image_parallax_bgy\":\"-190,-190\",\"image_parallax_breakpoint\":\"s\",\"image_parallax_easing\":\"1\",\"image_position\":\"center-center\",\"media_visibility\":\"l\",\"style\":\"default\",\"title_breakpoint\":\"xl\",\"title_position\":\"top-left\",\"title_rotation\":\"left\",\"vertical_align\":\"\",\"width\":\"expand\"},\"children\":[{\"type\":\"row\",\"props\":{\"column_gap\":\"small\",\"divider\":false,\"height_viewport\":80,\"height_viewport_offset\":true,\"layout\":\"1-2,1-2\",\"margin_bottom\":\"default\",\"margin_top\":\"default\",\"row_gap\":\"large\"},\"children\":[{\"type\":\"column\",\"props\":{\"image_effect\":\"parallax\",\"image_parallax_bgy\":\"-80,180\",\"image_parallax_easing\":\"1\",\"image_position\":\"center-left\",\"position_sticky_breakpoint\":\"m\",\"width_small\":\"1-2\"},\"children\":[{\"type\":\"grid\",\"props\":{\"content_column_breakpoint\":\"m\",\"content_style\":\"text-large\",\"filter_align\":\"left\",\"filter_all\":true,\"filter_grid_breakpoint\":\"m\",\"filter_grid_width\":\"auto\",\"filter_position\":\"top\",\"filter_style\":\"tab\",\"grid_column_gap\":\"small\",\"grid_default\":\"1\",\"grid_divider\":true,\"grid_medium\":\"\",\"grid_row_gap\":\"large\",\"image_align\":\"top\",\"image_grid_breakpoint\":\"m\",\"image_grid_width\":\"1-2\",\"image_svg_color\":\"emphasis\",\"image_width\":40,\"item_animation\":true,\"lightbox_bg_close\":true,\"link_margin\":\"medium\",\"link_size\":\"small\",\"link_style\":\"default\",\"link_text\":\"Read more\",\"margin_bottom\":\"default\",\"margin_top\":\"default\",\"maxwidth\":\"2xlarge\",\"meta_align\":\"below-title\",\"meta_element\":\"div\",\"meta_style\":\"text-meta\",\"parallax_easing\":\"1\",\"show_content\":true,\"show_hover_image\":true,\"show_hover_video\":true,\"show_image\":true,\"show_link\":true,\"show_meta\":true,\"show_title\":true,\"show_video\":true,\"title_align\":\"top\",\"title_element\":\"h3\",\"title_grid_breakpoint\":\"m\",\"title_grid_width\":\"1-2\",\"title_hover_style\":\"reset\",\"title_style\":\"h2\"},\"children\":[{\"type\":\"grid_item\",\"props\":{\"content\":\"\n\n<p>Notre lineup: une gamme cr\u00e9ative et diversifi\u00e9e de boissons. Nous s\u00e9lectionnons des marques originales, et mettons en avant des produits nouveaux, savoureux et \u00e9clectiques.<\/p>\n\n\",\"icon\":\"heart\",\"title\":\"Notre s\u00e9lection pointue\"}},{\"type\":\"grid_item\",\"props\":{\"content\":\"\n\n<p>Nos marques sont pr\u00e9sentes dans les meilleurs \u00e9tablissements horeca et points de vente belges (notamment Delhaize et Carrefour). Nous recherchons des partenaires partageant nos valeurs, pas seulement des clients transactionnels. La croissance compte, mais seulement si elle a du sens. Nous construisons des partenariats rentables, efficaces et durables, qui cr\u00e9ent de la valeur pour tous.<\/p>\n\n\\n\n\n\n\n\",\"icon\":\"world\",\"title\":\"Un r\u00e9seau comme nul autre\"}},{\"type\":\"grid_item\",\"props\":{\"content\":\"\n\n<p>IN<br \/>Nous croyons \u00e0 l'importance de la qualit\u00e9 des interactions humaines au sein de notre \u00e9quipe. Nous travaillons ensemble avec respect, honn\u00eatet\u00e9 et soin, tout en maintenant une communication claire et directe.<\/p>\n\n\\n\n\n<p>OUT<br \/>Nous respectons les personnes, les id\u00e9es et les cultures au-del\u00e0 des n\u00f4tres : ouverture, dialogue et diversit\u00e9 culturelle sont essentiels dans notre collaboration avec nos partenaires et les communaut\u00e9s o\u00f9 nous op\u00e9rons.<\/p>\n\n\",\"icon\":\"happy\",\"title\":\"Faire les choses bien.\"}}]}]},{\"type\":\"column\",\"props\":{\"image_position\":\"center-center\",\"position_sticky_breakpoint\":\"m\",\"width_small\":\"1-2\"},\"children\":[{\"type\":\"grid\",\"props\":{\"content_column_breakpoint\":\"m\",\"content_style\":\"text-large\",\"filter_align\":\"left\",\"filter_all\":true,\"filter_grid_breakpoint\":\"m\",\"filter_grid_width\":\"auto\",\"filter_position\":\"top\",\"filter_style\":\"tab\",\"grid_column_gap\":\"small\",\"grid_default\":\"1\",\"grid_divider\":true,\"grid_medium\":\"\",\"grid_row_gap\":\"large\",\"image_align\":\"top\",\"image_grid_breakpoint\":\"m\",\"image_grid_width\":\"1-2\",\"image_svg_color\":\"emphasis\",\"image_width\":40,\"item_animation\":true,\"lightbox_bg_close\":true,\"link_margin\":\"medium\",\"link_size\":\"small\",\"link_style\":\"default\",\"link_text\":\"Read more\",\"margin_bottom\":\"default\",\"margin_top\":\"default\",\"maxwidth\":\"2xlarge\",\"meta_align\":\"below-title\",\"meta_element\":\"div\",\"meta_style\":\"text-meta\",\"parallax_easing\":\"1\",\"show_content\":true,\"show_hover_image\":true,\"show_hover_video\":true,\"show_image\":true,\"show_link\":true,\"show_meta\":true,\"show_title\":true,\"show_video\":true,\"title_align\":\"top\",\"title_element\":\"h3\",\"title_grid_breakpoint\":\"m\",\"title_grid_width\":\"1-2\",\"title_hover_style\":\"reset\",\"title_style\":\"h2\"},\"children\":[{\"type\":\"grid_item\",\"props\":{\"content\":\"\n\n<p>Lovibond a \u00e9t\u00e9 fond\u00e9e en 2013, apr\u00e8s que notre fondateur Nicolas ait d\u00e9couvert CLUB-MATE \u00e0 Berlin et d\u00e9cid\u00e9 de l\u2019introduire en Belgique, introduisant une boisson ancr\u00e9e dans la culture, la vie nocturne et la cr\u00e9ativit\u00e9 sur un nouveau march\u00e9.<\/p>\n\n\\n\n\n<p>De 2016 \u00e0 2022, nous avons \u00e9largi notre gamme avec des boissons alternatives partageant les m\u00eames racines culturelles que CLUB-MATE.<\/p>\n\n\\n\n\n<p>En 2022, Lovibond signe avec Delhaize et Carrefour, une \u00e9tape d\u00e9cisive dans la distribution retail qui marque notre passage d'une distribution de niche \u00e0 une \u00e9chelle plus large, ouvrant la voie \u00e0 des collaborations \u00e0 travers toute la Belgique.<\/p>\n\n\\n\n\n<p>En 2024, Anthony rejoint l\u2019\u00e9quipe comme Managing Partner, renfor\u00e7ant le d\u00e9veloppement off-trade et out-of-home de Lovibond. Son arriv\u00e9e apporte structure et dynamisme aux activit\u00e9s retail, convenience et distribution \u00e0 grande \u00e9chelle.<\/p>\n\n\\n\n\n<p>En 2025, Lovibond signe un accord de distribution exclusive avec YAYA Kombucha, confirmant sa position de leader sur le march\u00e9 belge des boissons alternatives.<\/p>\n\n\\n\n\n<p>Le nom Lovibond est le nom de jeune fille de la m\u00e8re de Nicolas, une id\u00e9e de son fr\u00e8re, lui-m\u00eame fondateur de Lovibond Design SRL, un bureau d'archi. Un nom de famille partag\u00e9 entre diff\u00e9rentes passions!<\/p>\n\n\",\"icon\":\"clock\",\"title\":\"Notre histoire\"}}]}]}]}]},{\"type\":\"section\",\"props\":{\"image_position\":\"center-center\",\"padding_bottom\":\"small\",\"padding_top\":\"small\",\"style\":\"default\",\"title_breakpoint\":\"xl\",\"title_position\":\"top-left\",\"title_rotation\":\"left\",\"vertical_align\":\"middle\",\"width\":\"expand\"},\"children\":[{\"type\":\"row\",\"children\":[{\"type\":\"column\",\"props\":{\"image_position\":\"center-center\",\"position_sticky_breakpoint\":\"m\"},\"children\":[{\"type\":\"divider\",\"props\":{\"divider_element\":\"hr\"}}]}]}]},{\"name\":\"____* JOBS 26 FRE\",\"type\":\"section\",\"props\":{\"height_viewport\":false,\"id\":\"services\",\"image_effect\":\"parallax\",\"image_parallax_bgx\":\"-300,-340\",\"image_parallax_bgy\":\"-190,-190\",\"image_parallax_breakpoint\":\"s\",\"image_parallax_easing\":\"1\",\"image_position\":\"center-center\",\"media_visibility\":\"l\",\"padding_bottom\":\"small\",\"padding_top\":\"none\",\"style\":\"default\",\"title_breakpoint\":\"xl\",\"title_position\":\"top-left\",\"title_rotation\":\"left\",\"vertical_align\":\"\",\"width\":\"expand\"},\"children\":[{\"type\":\"row\",\"props\":{\"column_gap\":\"small\",\"divider\":false,\"height_viewport\":80,\"height_viewport_offset\":true,\"layout\":\"1-2,1-2\",\"margin_bottom\":\"default\",\"margin_top\":\"default\",\"row_gap\":\"large\"},\"children\":[{\"type\":\"column\",\"props\":{\"image_effect\":\"parallax\",\"image_parallax_bgy\":\"-80,180\",\"image_parallax_easing\":\"1\",\"image_position\":\"center-left\",\"position_sticky_breakpoint\":\"m\",\"width_small\":\"1-2\"},\"children\":[{\"type\":\"headline\",\"props\":{\"class\":\"ink-bleed\",\"content\":\"\n\n<p>Rejoignez notre \u00e9quipe<\/p>\n\n\",\"image_align\":\"left\",\"image_margin\":\"xsmall\",\"margin_bottom\":\"medium\",\"margin_top\":\"medium\",\"title_element\":\"h1\",\"title_style\":\"h2\"}}]},{\"type\":\"column\",\"props\":{\"image_position\":\"center-center\",\"position_sticky_breakpoint\":\"m\",\"width_small\":\"1-2\"},\"children\":[{\"type\":\"text\",\"props\":{\"class\":\"ink-bleed\",\"column_breakpoint\":\"m\",\"content\":\"\n\n<p data-start=\\\"174\\\" data-end=\\\"439\\\">Nous sommes une petite \u00e9quipe passionn\u00e9e, proche de nos partenaires et actifs sur le terrain. Si les bars, la culture et l'\u00e9v\u00e9nementiel font partie de votre univers, lovibond est fait pour vous.<\/p>\n\n\",\"margin_bottom\":\"default\",\"margin_top\":\"default\",\"maxwidth\":\"2xlarge\",\"text_style\":\"large\"}},{\"type\":\"button\",\"props\":{\"button_size\":\"small\",\"grid_column_gap\":\"small\",\"grid_row_gap\":\"small\",\"margin_bottom\":\"small\",\"margin_top\":\"small\",\"visibility\":\"s\"},\"children\":[{\"type\":\"button_item\",\"props\":{\"button_style\":\"default\",\"content\":\"\u2192 Voir les postes ouverts\",\"dialog_layout\":\"modal\",\"dialog_offcanvas_flip\":true,\"icon_align\":\"left\",\"link\":\"jobs\/\"}}]},{\"type\":\"button\",\"props\":{\"button_size\":\"small\",\"fullwidth\":true,\"grid_column_gap\":\"small\",\"grid_row_gap\":\"small\",\"margin_bottom\":\"small\",\"margin_top\":\"small\",\"visibility\":\"hidden-s\"},\"children\":[{\"type\":\"button_item\",\"props\":{\"button_style\":\"default\",\"content\":\"\u2192 Voir les postes ouverts\",\"dialog_layout\":\"modal\",\"dialog_offcanvas_flip\":true,\"icon_align\":\"left\",\"link\":\"jobs\/\"}}]}]}]}]},{\"type\":\"section\",\"props\":{\"image_position\":\"center-center\",\"padding_bottom\":\"small\",\"padding_top\":\"small\",\"style\":\"default\",\"title_breakpoint\":\"xl\",\"title_position\":\"top-left\",\"title_rotation\":\"left\",\"vertical_align\":\"\",\"width\":\"default\"},\"children\":[{\"type\":\"row\",\"children\":[{\"type\":\"column\",\"props\":{\"image_position\":\"center-center\",\"position_sticky_breakpoint\":\"m\"}}]}]}],\"version\":\"5.0.4\"} --><\/p>\n","protected":false},"excerpt":{"rendered":"<p>On \u00e9tanche votre soif depuis 2013 lovibond\u2014drinks est importateur et distributeur de marques uniques en Belgique allant des bi\u00e8res artisanales et de microbrasserie \u00e0 une large gamme de sodas et boissons alternatifs. Importateur exclusif de Club-Mate depuis 2014, nous collaborons avec des entrepreneurs du secteur horeca, des organisateurs d\u2019\u00e9v\u00e9nements culturels et des d\u00e9taillants audacieux et [&hellip;]<\/p>\n","protected":false},"author":1,"featured_media":0,"parent":0,"menu_order":6,"comment_status":"closed","ping_status":"closed","template":"","meta":{"_acf_changed":false,"_exactmetrics_skip_tracking":false,"_exactmetrics_sitenote_active":false,"_exactmetrics_sitenote_note":"","_exactmetrics_sitenote_category":0,"footnotes":""},"class_list":["post-979","page","type-page","status-publish","hentry"],"acf":[],"jetpack_sharing_enabled":true,"_links":{"self":[{"href":"https:\/\/www.lovibond-drinks.be\/fr\/wp-json\/wp\/v2\/pages\/979","targetHints":{"allow":["GET"]}}],"collection":[{"href":"https:\/\/www.lovibond-drinks.be\/fr\/wp-json\/wp\/v2\/pages"}],"about":[{"href":"https:\/\/www.lovibond-drinks.be\/fr\/wp-json\/wp\/v2\/types\/page"}],"author":[{"embeddable":true,"href":"https:\/\/www.lovibond-drinks.be\/fr\/wp-json\/wp\/v2\/users\/1"}],"replies":[{"embeddable":true,"href":"https:\/\/www.lovibond-drinks.be\/fr\/wp-json\/wp\/v2\/comments?post=979"}],"version-history":[{"count":52,"href":"https:\/\/www.lovibond-drinks.be\/fr\/wp-json\/wp\/v2\/pages\/979\/revisions"}],"predecessor-version":[{"id":9396,"href":"https:\/\/www.lovibond-drinks.be\/fr\/wp-json\/wp\/v2\/pages\/979\/revisions\/9396"}],"wp:attachment":[{"href":"https:\/\/www.lovibond-drinks.be\/fr\/wp-json\/wp\/v2\/media?parent=979"}],"curies":[{"name":"wp","href":"https:\/\/api.w.org\/{rel}","templated":true}]}}