{"id":892,"date":"2019-02-20T16:24:49","date_gmt":"2019-02-20T16:24:49","guid":{"rendered":"http:\/\/www.lovibond-drinks.be\/?page_id=892"},"modified":"2026-01-23T13:33:21","modified_gmt":"2026-01-23T13:33:21","slug":"club-mate","status":"publish","type":"page","link":"https:\/\/www.lovibond-drinks.be\/fr\/club-mate\/","title":{"rendered":"club-mate"},"content":{"rendered":"<h1>club-mate <span class=\"exponent\">(import exclusif)<\/span><\/h1>\n<div>\n<p>L\u2019\u00e9nergie vibrante de la sc\u00e8ne berlinoise en bouteille. Inspir\u00e9 du mat\u00e9 traditionnel sud-am\u00e9ricain, Club-Mate est riche en antioxydants, naturellement caf\u00e9in\u00e9e et r\u00e9put\u00e9e pour \u00eatre peu sucr\u00e9e. Tr\u00e8s \u00e9nergisante, elle est pris\u00e9e des \u00ab\u00a0hackers\u00a0\u00bb et hipsters berlinois qui la boivent pour rester \u00e9veill\u00e9s, offrant une alternative naturelle aux boissons \u00e9nergisantes classiques. Un shot de soleil en bouteille, efficace m\u00eame au pays de la grisaille et des nuages!\u00a0<\/p>\n<\/div>\n<div>\n<p>R\u00e9f\u00e9rences disponibles<\/p>\n<p class=\"uk-text-large\">Club-Mate Original 33cl<br \/>Club-Mate Original 50cl<br \/>Club-Mate Original (CAN) 33cl<br \/>Club-Mate Cola 33cl<br \/>Club-Mate Zero 50cl<br \/>Club-Mate Ice Tea 50cl<br \/>Club-Mate Pomegranate 50cl<br \/>Club-Mate Beere 50cl<br \/>Club-Mate Winter 50cl<\/p>\n<\/div>\n<ul>\n<li>\n<p>\n        <a href=\"http:\/\/www.lovibond-drinks.be\/fr\/contact\/\">\u2192 Commander Club-Mate<\/a>\n    <\/p>\n<\/li>\n<li>\n<p>\n        <a href=\"https:\/\/club-mate.be\/eshop\/\">Acheter du Merch. Club-mate<\/a>\n    <\/p>\n<\/li>\n<\/ul>\n<ul>\n<li>\n<p>\n        <a href=\"http:\/\/www.lovibond-drinks.be\/fr\/contact\/\">\u2192 Order Club-Mate<\/a>\n    <\/p>\n<\/li>\n<li>\n<p>\n        <a href=\"https:\/\/club-mate.be\/eshop\/\">Shop Club-mate Merch.<\/a>\n    <\/p>\n<\/li>\n<\/ul>\n<p><img decoding=\"async\" src=\"\/wp-content\/uploads\/ldr-retail-slideshow-club-mate-03.jpg\" alt=\"\"><\/p>\n<ul>\n<li>\n<p>        <img decoding=\"async\" src=\"\/wp-content\/uploads\/lovibond-drinks-club-mate-soda-energy-02.jpg\" alt=\"\"><\/p>\n<h2>lovibond-drinks-club-mate-soda-energy 02<\/h2>\n<\/li>\n<li>\n<p>        <img decoding=\"async\" src=\"\/wp-content\/uploads\/lovibond-drinks-club-mate-soda-energy-12.jpg\" alt=\"\"><\/p>\n<h2>lovibond-drinks-club-mate-soda-energy-12<\/h2>\n<\/li>\n<li>\n<p>        <img decoding=\"async\" src=\"\/wp-content\/uploads\/lovibond-drinks-club-mate-soda-energy-04.jpg\" alt=\"\"><\/p>\n<h2>lovibond-drinks-club-mate-soda-energy 04<\/h2>\n<\/li>\n<li>\n<p>        <img decoding=\"async\" src=\"\/wp-content\/uploads\/lovibond-drinks-club-mate-soda-energy-13.jpg\" alt=\"\"><\/p>\n<h2>lovibond-drinks-club-mate-soda-energy-13<\/h2>\n<\/li>\n<li>\n<p>        <img decoding=\"async\" src=\"\/wp-content\/uploads\/lovibond-drinks-club-mate-soda-energy-05.jpg\" alt=\"\"><\/p>\n<h2>lovibond-drinks-club-mate-soda-energy-05<\/h2>\n<\/li>\n<li>\n<p>        <img decoding=\"async\" src=\"\/wp-content\/uploads\/lovibond-drinks-club-mate-soda-energy-10.jpg\" alt=\"\"><\/p>\n<h2>lovibond-drinks-club-mate-soda-energy-10<\/h2>\n<\/li>\n<li>\n<p>        <img decoding=\"async\" src=\"\/wp-content\/uploads\/lovibond-drinks-club-mate-soda-energy-06.jpg\" alt=\"\"><\/p>\n<h2>lovibond-drinks-club-mate-soda-energy-06<\/h2>\n<\/li>\n<li>\n<p>        <img decoding=\"async\" src=\"\/wp-content\/uploads\/lovibond-drinks-club-mate-soda-energy-15.jpg\" alt=\"\"><\/p>\n<h2>lovibond-drinks-club-mate-soda-energy-15<\/h2>\n<\/li>\n<li>\n<p>        <img decoding=\"async\" src=\"\/wp-content\/uploads\/lovibond-drinks-club-mate-soda-energy-09.jpg\" alt=\"\"><\/p>\n<h2>lovibond-drinks-club-mate-soda-energy-09<\/h2>\n<\/li>\n<li>\n<p>        <img decoding=\"async\" src=\"\/wp-content\/uploads\/lovibond-drinks-club-mate-soda-energy-07.jpg\" alt=\"\"><\/p>\n<h2>lovibond-drinks-club-mate-soda-energy-07<\/h2>\n<\/li>\n<li>\n<p>        <img decoding=\"async\" src=\"\/wp-content\/uploads\/lovibond-drinks-club-mate-soda-energy-11.jpg\" alt=\"\"><\/p>\n<h2>lovibond-drinks-club-mate-soda-energy-11<\/h2>\n<\/li>\n<li>\n<p>        <img decoding=\"async\" src=\"\/wp-content\/uploads\/lovibond-drinks-club-mate-soda-energy-08.jpg\" alt=\"\"><\/p>\n<h2>lovibond-drinks-club-mate-soda-energy-08<\/h2>\n<\/li>\n<li>\n<p>        <img decoding=\"async\" src=\"\/wp-content\/uploads\/lovibond-drinks-club-mate-soda-energy-14.jpg\" alt=\"\"><\/p>\n<h2>lovibond-drinks-club-mate-soda-energy-14<\/h2>\n<\/li>\n<li>\n<p>        <img decoding=\"async\" src=\"\/wp-content\/uploads\/lovibond-drinks-club-mate-soda-energy.jpg\" alt=\"\"><\/p>\n<h2>lovibond-drinks-club-mate-soda-energy<\/h2>\n<\/li>\n<\/ul>\n<p><!--more--><br \/>\n<!-- {\"type\":\"layout\",\"children\":[{\"type\":\"section\",\"props\":{\"height\":\"viewport\",\"height_viewport\":25,\"image_position\":\"center-center\",\"padding_bottom\":\"small\",\"padding_top\":\"small\",\"style\":\"default\",\"title_breakpoint\":\"xl\",\"title_position\":\"top-left\",\"title_rotation\":\"left\",\"vertical_align\":\"\",\"width\":\"\"},\"children\":[{\"type\":\"row\",\"props\":{\"column_gap\":\"small\",\"layout\":\"1-2,1-2\",\"parallax\":false,\"width\":\"expand\"},\"children\":[{\"type\":\"column\",\"props\":{\"image_position\":\"center-center\",\"position_sticky_breakpoint\":\"m\",\"width_small\":\"1-2\"}},{\"type\":\"column\",\"props\":{\"image_position\":\"center-center\",\"position_sticky_breakpoint\":\"m\",\"width_small\":\"1-2\"},\"children\":[{\"type\":\"headline\",\"props\":{\"content\":\"club-mate <span class=\\\"exponent\\\">(import exclusif)<\/span>\",\"image_align\":\"left\",\"image_margin\":\"xsmall\",\"margin_bottom\":\"medium\",\"margin_top\":\"medium\",\"title_element\":\"h1\",\"title_style\":\"h2\"}},{\"type\":\"text\",\"props\":{\"column_breakpoint\":\"m\",\"content\":\"\n\n<p>L\u2019\u00e9nergie vibrante de la sc\u00e8ne berlinoise en bouteille. Inspir\u00e9 du mat\u00e9 traditionnel sud-am\u00e9ricain, Club-Mate est riche en antioxydants, naturellement caf\u00e9in\u00e9e et r\u00e9put\u00e9e pour \u00eatre peu sucr\u00e9e. Tr\u00e8s \u00e9nergisante, elle est pris\u00e9e des \\\"hackers\\\" et hipsters berlinois qui la boivent pour rester \u00e9veill\u00e9s, offrant une alternative naturelle aux boissons \u00e9nergisantes classiques. Un shot de soleil en bouteille, efficace m\u00eame au pays de la grisaille et des nuages!\u00a0<\/p>\n\n\",\"margin_bottom\":\"default\",\"margin_top\":\"default\",\"maxwidth\":\"2xlarge\",\"text_style\":\"large\"}}]}]}]},{\"type\":\"section\",\"props\":{\"image_position\":\"center-center\",\"padding_bottom\":\"none\",\"style\":\"default\",\"title_breakpoint\":\"xl\",\"title_position\":\"top-left\",\"title_rotation\":\"left\",\"vertical_align\":\"\",\"width\":\"expand\"},\"children\":[{\"type\":\"row\",\"props\":{\"column_gap\":\"small\",\"layout\":\"1-2,1-2\",\"row_gap\":\"large\",\"width\":\"expand\"},\"children\":[{\"type\":\"column\",\"props\":{\"image_position\":\"center-center\",\"position_sticky_breakpoint\":\"m\",\"vertical_align\":\"middle\",\"width_medium\":\"1-2\"},\"children\":[{\"type\":\"text\",\"props\":{\"column_breakpoint\":\"m\",\"content\":\"\n\n<p>R\u00e9f\u00e9rences disponibles<\/p>\n\n\\n\n\n<p class=\\\"uk-text-large\\\">Club-Mate Original 33cl<br \/>Club-Mate Original 50cl<br \/>Club-Mate Original (CAN) 33cl<br \/>Club-Mate Cola 33cl<br \/>Club-Mate Zero 50cl<br \/>Club-Mate Ice Tea 50cl<br \/>Club-Mate Pomegranate 50cl<br \/>Club-Mate Beere 50cl<br \/>Club-Mate Winter 50cl<\/p>\n\n\",\"margin_bottom\":\"default\",\"margin_top\":\"default\",\"maxwidth\":\"2xlarge\",\"text_style\":\"lead\"}},{\"type\":\"button\",\"props\":{\"grid_column_gap\":\"medium\",\"grid_row_gap\":\"small\",\"margin_bottom\":\"large\",\"margin_top\":\"large\",\"text_align\":\"left\",\"text_align_breakpoint\":\"s\",\"text_align_fallback\":\"center\",\"visibility\":\"s\"},\"children\":[{\"type\":\"button_item\",\"props\":{\"button_style\":\"default\",\"content\":\"\u2192 Commander Club-Mate\",\"dialog_layout\":\"modal\",\"dialog_offcanvas_flip\":true,\"icon_align\":\"left\",\"link\":\"fr\/contact\/\"}},{\"type\":\"button_item\",\"props\":{\"button_style\":\"primary\",\"content\":\"Acheter du Merch. Club-mate\",\"dialog_layout\":\"modal\",\"dialog_offcanvas_flip\":true,\"icon_align\":\"left\",\"link\":\"https:\/\/club-mate.be\/eshop\/\",\"link_target\":true}}]},{\"type\":\"button\",\"props\":{\"fullwidth\":true,\"grid_column_gap\":\"medium\",\"grid_row_gap\":\"small\",\"margin_bottom\":\"large\",\"margin_top\":\"large\",\"text_align\":\"left\",\"text_align_breakpoint\":\"s\",\"text_align_fallback\":\"center\",\"visibility\":\"hidden-s\"},\"children\":[{\"type\":\"button_item\",\"props\":{\"button_style\":\"default\",\"content\":\"\u2192 Order Club-Mate\",\"dialog_layout\":\"modal\",\"dialog_offcanvas_flip\":true,\"icon_align\":\"left\",\"link\":\"contact\/\"}},{\"type\":\"button_item\",\"props\":{\"button_style\":\"primary\",\"content\":\"Shop Club-mate Merch.\",\"dialog_layout\":\"modal\",\"dialog_offcanvas_flip\":true,\"icon_align\":\"left\",\"link\":\"https:\/\/club-mate.be\/eshop\/\",\"link_target\":true}}]}]},{\"type\":\"column\",\"props\":{\"image_position\":\"center-center\",\"order_first\":\"s\",\"position_sticky_breakpoint\":\"m\",\"vertical_align\":\"middle\",\"width_medium\":\"1-2\"},\"children\":[{\"type\":\"image\",\"props\":{\"block_align\":\"center\",\"image\":\"wp-content\/uploads\/ldr-retail-slideshow-club-mate-03.jpg\",\"image_svg_color\":\"emphasis\",\"image_width\":400,\"margin_bottom\":\"default\",\"margin_top\":\"default\",\"maxwidth\":\"xlarge\",\"text_align\":\"center\"}}]}]}]},{\"type\":\"section\",\"props\":{\"image_position\":\"center-center\",\"padding_bottom\":\"xsmall\",\"padding_top\":\"xsmall\",\"style\":\"default\",\"title_breakpoint\":\"xl\",\"title_position\":\"top-left\",\"title_rotation\":\"left\",\"vertical_align\":\"\",\"width\":\"default\"},\"children\":[{\"type\":\"row\",\"children\":[{\"type\":\"column\",\"props\":{\"image_position\":\"center-center\",\"position_sticky_breakpoint\":\"m\"}}]}]},{\"type\":\"section\",\"props\":{\"image_position\":\"center-center\",\"style\":\"default\",\"title_breakpoint\":\"xl\",\"title_position\":\"top-left\",\"title_rotation\":\"left\",\"vertical_align\":\"\",\"width\":\"\"},\"children\":[{\"type\":\"row\",\"children\":[{\"type\":\"column\",\"props\":{\"image_position\":\"center-center\",\"position_sticky_breakpoint\":\"m\"},\"children\":[{\"type\":\"overlay-slider\",\"props\":{\"animation\":\"none\",\"link_style\":\"default\",\"link_text\":\"Read more\",\"margin_bottom\":\"default\",\"margin_top\":\"default\",\"meta_align\":\"below-title\",\"meta_element\":\"div\",\"meta_style\":\"h1\",\"nav\":\"\",\"nav_align\":\"left\",\"nav_below\":true,\"nav_breakpoint\":\"s\",\"nav_position\":\"bottom-center\",\"nav_position_margin\":\"medium\",\"overlay_display\":\"hover\",\"overlay_link\":true,\"overlay_mode\":\"cover\",\"overlay_padding\":\"none\",\"overlay_position\":\"center\",\"overlay_transition\":\"scale-down\",\"parallax_blur\":\"0\",\"parallax_breakpoint\":\"s\",\"parallax_opacity\":\"1,0\",\"parallax_y\":\"0\",\"show_content\":true,\"show_hover_image\":true,\"show_hover_video\":true,\"show_link\":true,\"show_meta\":true,\"show_title\":false,\"slidenav\":\"\",\"slidenav_breakpoint\":\"s\",\"slidenav_hover\":false,\"slidenav_large\":true,\"slidenav_margin\":\"medium\",\"slidenav_outside_breakpoint\":\"l\",\"slider_autoplay\":true,\"slider_autoplay_pause\":false,\"slider_center\":true,\"slider_finite\":false,\"slider_gap\":\"small\",\"slider_sets\":false,\"slider_velocity\":\"0.3\",\"slider_width\":\"fixed\",\"slider_width_default\":\"4-5\",\"slider_width_medium\":\"1-4\",\"slider_width_small\":\"1-2\",\"text_align\":\"center\",\"text_color\":\"dark\",\"title_element\":\"h2\",\"title_hover_style\":\"reset\",\"title_link\":true,\"title_style\":\"h1\"},\"children\":[{\"type\":\"overlay-slider_item\",\"props\":{\"image\":\"wp-content\/uploads\/lovibond-drinks-club-mate-soda-energy-02.jpg\",\"title\":\"lovibond-drinks-club-mate-soda-energy 02\"}},{\"type\":\"overlay-slider_item\",\"props\":{\"image\":\"wp-content\/uploads\/lovibond-drinks-club-mate-soda-energy-12.jpg\",\"title\":\"lovibond-drinks-club-mate-soda-energy-12\"}},{\"type\":\"overlay-slider_item\",\"props\":{\"image\":\"wp-content\/uploads\/lovibond-drinks-club-mate-soda-energy-04.jpg\",\"title\":\"lovibond-drinks-club-mate-soda-energy 04\"}},{\"type\":\"overlay-slider_item\",\"props\":{\"image\":\"wp-content\/uploads\/lovibond-drinks-club-mate-soda-energy-13.jpg\",\"title\":\"lovibond-drinks-club-mate-soda-energy-13\"}},{\"type\":\"overlay-slider_item\",\"props\":{\"image\":\"wp-content\/uploads\/lovibond-drinks-club-mate-soda-energy-05.jpg\",\"title\":\"lovibond-drinks-club-mate-soda-energy-05\"}},{\"type\":\"overlay-slider_item\",\"props\":{\"image\":\"wp-content\/uploads\/lovibond-drinks-club-mate-soda-energy-10.jpg\",\"title\":\"lovibond-drinks-club-mate-soda-energy-10\"}},{\"type\":\"overlay-slider_item\",\"props\":{\"image\":\"wp-content\/uploads\/lovibond-drinks-club-mate-soda-energy-06.jpg\",\"title\":\"lovibond-drinks-club-mate-soda-energy-06\"}},{\"type\":\"overlay-slider_item\",\"props\":{\"image\":\"wp-content\/uploads\/lovibond-drinks-club-mate-soda-energy-15.jpg\",\"title\":\"lovibond-drinks-club-mate-soda-energy-15\"}},{\"type\":\"overlay-slider_item\",\"props\":{\"image\":\"wp-content\/uploads\/lovibond-drinks-club-mate-soda-energy-09.jpg\",\"title\":\"lovibond-drinks-club-mate-soda-energy-09\"}},{\"type\":\"overlay-slider_item\",\"props\":{\"image\":\"wp-content\/uploads\/lovibond-drinks-club-mate-soda-energy-07.jpg\",\"title\":\"lovibond-drinks-club-mate-soda-energy-07\"}},{\"type\":\"overlay-slider_item\",\"props\":{\"image\":\"wp-content\/uploads\/lovibond-drinks-club-mate-soda-energy-11.jpg\",\"title\":\"lovibond-drinks-club-mate-soda-energy-11\"}},{\"type\":\"overlay-slider_item\",\"props\":{\"image\":\"wp-content\/uploads\/lovibond-drinks-club-mate-soda-energy-08.jpg\",\"title\":\"lovibond-drinks-club-mate-soda-energy-08\"}},{\"type\":\"overlay-slider_item\",\"props\":{\"image\":\"wp-content\/uploads\/lovibond-drinks-club-mate-soda-energy-14.jpg\",\"title\":\"lovibond-drinks-club-mate-soda-energy-14\"}},{\"type\":\"overlay-slider_item\",\"props\":{\"image\":\"wp-content\/uploads\/lovibond-drinks-club-mate-soda-energy.jpg\",\"title\":\"lovibond-drinks-club-mate-soda-energy\"}}]}]}]}]},{\"type\":\"section\",\"props\":{\"image_position\":\"center-center\",\"padding_bottom\":\"xsmall\",\"padding_top\":\"xsmall\",\"style\":\"default\",\"title_breakpoint\":\"xl\",\"title_position\":\"top-left\",\"title_rotation\":\"left\",\"vertical_align\":\"\",\"width\":\"default\"},\"children\":[{\"type\":\"row\",\"children\":[{\"type\":\"column\",\"props\":{\"image_position\":\"center-center\",\"position_sticky_breakpoint\":\"m\"}}]}]}],\"version\":\"5.0.4\"} --><\/p>\n","protected":false},"excerpt":{"rendered":"<p>club-mate (import exclusif) L\u2019\u00e9nergie vibrante de la sc\u00e8ne berlinoise en bouteille. Inspir\u00e9 du mat\u00e9 traditionnel sud-am\u00e9ricain, Club-Mate est riche en antioxydants, naturellement caf\u00e9in\u00e9e et r\u00e9put\u00e9e pour \u00eatre peu sucr\u00e9e. Tr\u00e8s \u00e9nergisante, elle est pris\u00e9e des \u00ab\u00a0hackers\u00a0\u00bb et hipsters berlinois qui la boivent pour rester \u00e9veill\u00e9s, offrant une alternative naturelle aux boissons \u00e9nergisantes classiques. Un shot [&hellip;]<\/p>\n","protected":false},"author":2,"featured_media":0,"parent":0,"menu_order":1,"comment_status":"closed","ping_status":"closed","template":"","meta":{"_acf_changed":false,"_exactmetrics_skip_tracking":false,"_exactmetrics_sitenote_active":false,"_exactmetrics_sitenote_note":"","_exactmetrics_sitenote_category":0,"footnotes":""},"class_list":["post-892","page","type-page","status-publish","hentry"],"acf":[],"jetpack_sharing_enabled":true,"_links":{"self":[{"href":"https:\/\/www.lovibond-drinks.be\/fr\/wp-json\/wp\/v2\/pages\/892","targetHints":{"allow":["GET"]}}],"collection":[{"href":"https:\/\/www.lovibond-drinks.be\/fr\/wp-json\/wp\/v2\/pages"}],"about":[{"href":"https:\/\/www.lovibond-drinks.be\/fr\/wp-json\/wp\/v2\/types\/page"}],"author":[{"embeddable":true,"href":"https:\/\/www.lovibond-drinks.be\/fr\/wp-json\/wp\/v2\/users\/2"}],"replies":[{"embeddable":true,"href":"https:\/\/www.lovibond-drinks.be\/fr\/wp-json\/wp\/v2\/comments?post=892"}],"version-history":[{"count":40,"href":"https:\/\/www.lovibond-drinks.be\/fr\/wp-json\/wp\/v2\/pages\/892\/revisions"}],"predecessor-version":[{"id":9402,"href":"https:\/\/www.lovibond-drinks.be\/fr\/wp-json\/wp\/v2\/pages\/892\/revisions\/9402"}],"wp:attachment":[{"href":"https:\/\/www.lovibond-drinks.be\/fr\/wp-json\/wp\/v2\/media?parent=892"}],"curies":[{"name":"wp","href":"https:\/\/api.w.org\/{rel}","templated":true}]}}