{"id":8330,"date":"2025-04-01T20:42:29","date_gmt":"2025-04-01T20:42:29","guid":{"rendered":"http:\/\/www.lovibond-drinks.be\/?page_id=8330"},"modified":"2026-02-11T16:23:58","modified_gmt":"2026-02-11T16:23:58","slug":"yaya-kombucha","status":"publish","type":"page","link":"https:\/\/www.lovibond-drinks.be\/fr\/yaya-kombucha\/","title":{"rendered":"yaya"},"content":{"rendered":"<h1>\n<p>yaya kombucha\u00a0<span class=\"exponent\">(import exclusif)<\/span><\/p>\n<\/h1>\n<div>\n<p>YAYA Kombucha propose une gamme de kombuchas artisanaux, biologiques et rafra\u00eechissants, con\u00e7us comme des alternatives saines, peu sucr\u00e9es et sans alcool aux sodas classiques. Fabriqu\u00e9es \u00e0 base de th\u00e9 ferment\u00e9 (noir et vert) et de jus press\u00e9s \u00e0 froid, leurs boissons, plein de probiotiques, sont d\u00e9licieuses et riches en go\u00fbt.<\/p>\n<\/div>\n<div>\n<p>R\u00e9f\u00e9rences disponibles<\/p>\n<p class=\"uk-text-large\">YAYA Kombucha Yuzu 33cl <br \/>YAYA Kombucha Ginger 33cl <br \/>YAYA Kombucha Passionfruit 33cl <br \/>YAYA Kombucha Pink Elerflower 33cl<br \/>YAYA Kombucha Mate 33cl<\/p>\n<\/div>\n<p><p>\n        <a href=\"https:\/\/www.lovibond-drinks.be\/fr\/contact\/\">\u2192 Commander Yaya Kombucha<\/a>\n    <\/p>\n<\/p>\n<p><p>\n        <a href=\"https:\/\/www.lovibond-drinks.be\/fr\/contact\/\">\u2192 Commander Yaya Kombucha<\/a>\n    <\/p>\n<\/p>\n<p><img decoding=\"async\" src=\"\/wp-content\/uploads\/ldr-retail-slideshow-yaya-03.jpg\" alt=\"\"><\/p>\n<ul>\n<li>\n<p>        <img decoding=\"async\" src=\"\/wp-content\/uploads\/lovibond-drinks-belgium-yaya-kombucha-01.jpg\" alt=\"\"><\/p>\n<h2>lovibond-drinks-belgium-yaya-kombucha-01<\/h2>\n<\/li>\n<li>\n<p>        <img decoding=\"async\" src=\"\/wp-content\/uploads\/lovibond-drinks-belgium-yaya-kombucha-002.jpg\" alt=\"\"><\/p>\n<h2>lovibond-drinks-belgium-yaya-kombucha-02<\/h2>\n<\/li>\n<li>\n<p>        <img decoding=\"async\" src=\"\/wp-content\/uploads\/lovibond-drinks-belgium-yaya-kombucha-003.jpg\" alt=\"\"><\/p>\n<h2>lovibond-drinks-belgium-yaya-kombucha-03<\/h2>\n<\/li>\n<li>\n<p>        <img decoding=\"async\" src=\"\/wp-content\/uploads\/lovibond-drinks-belgium-yaya-kombucha-06.jpg\" alt=\"\"><\/p>\n<h2>lovibond-drinks-belgium-yaya-kombucha-06<\/h2>\n<\/li>\n<li>\n<p>        <img decoding=\"async\" src=\"\/wp-content\/uploads\/lovibond-drinks-belgium-yaya-kombucha-007.jpg\" alt=\"\"><\/p>\n<h2>lovibond-drinks-belgium-yaya-kombucha-07<\/h2>\n<\/li>\n<li>\n<p>        <img decoding=\"async\" src=\"\/wp-content\/uploads\/lovibond-drinks-belgium-yaya-kombucha-04.jpg\" alt=\"\"><\/p>\n<h2>lovibond-drinks-belgium-yaya-kombucha-04<\/h2>\n<\/li>\n<li>\n<p>        <img decoding=\"async\" src=\"\/wp-content\/uploads\/lovibond-drinks-belgium-yaya-kombucha-008.jpg\" alt=\"\"><\/p>\n<h2>lovibond-drinks-belgium-yaya-kombucha-08<\/h2>\n<\/li>\n<li>\n<p>        <img decoding=\"async\" src=\"\/wp-content\/uploads\/lovibond-drinks-belgium-yaya-kombucha-05.jpg\" alt=\"\"><\/p>\n<h2>lovibond-drinks-belgium-yaya-kombucha-05<\/h2>\n<\/li>\n<\/ul>\n<p><!--more--><br \/>\n<!-- {\"type\":\"layout\",\"children\":[{\"type\":\"section\",\"props\":{\"height\":\"viewport\",\"height_viewport\":25,\"image_position\":\"center-center\",\"padding_bottom\":\"small\",\"padding_top\":\"small\",\"style\":\"default\",\"title_breakpoint\":\"xl\",\"title_position\":\"top-left\",\"title_rotation\":\"left\",\"vertical_align\":\"\",\"width\":\"\"},\"children\":[{\"type\":\"row\",\"props\":{\"column_gap\":\"small\",\"layout\":\"1-2,1-2\",\"parallax\":false,\"width\":\"expand\"},\"children\":[{\"type\":\"column\",\"props\":{\"image_position\":\"center-center\",\"position_sticky_breakpoint\":\"m\",\"width_small\":\"1-2\"}},{\"type\":\"column\",\"props\":{\"image_position\":\"center-center\",\"position_sticky_breakpoint\":\"m\",\"width_small\":\"1-2\"},\"children\":[{\"type\":\"headline\",\"props\":{\"content\":\"\n\n<p>yaya kombucha\u00a0<span class=\\\"exponent\\\">(import exclusif)<\/span><\/p>\n\n\",\"image_align\":\"left\",\"image_margin\":\"xsmall\",\"margin_bottom\":\"medium\",\"margin_top\":\"medium\",\"title_element\":\"h1\",\"title_style\":\"h2\"}},{\"type\":\"text\",\"props\":{\"column_breakpoint\":\"m\",\"content\":\"\n\n<p>YAYA Kombucha propose une gamme de kombuchas artisanaux, biologiques et rafra\u00eechissants, con\u00e7us comme des alternatives saines, peu sucr\u00e9es et sans alcool aux sodas classiques. Fabriqu\u00e9es \u00e0 base de th\u00e9 ferment\u00e9 (noir et vert) et de jus press\u00e9s \u00e0 froid, leurs boissons, plein de probiotiques, sont d\u00e9licieuses et riches en go\u00fbt.<\/p>\n\n\",\"margin_bottom\":\"default\",\"margin_top\":\"default\",\"maxwidth\":\"2xlarge\",\"text_style\":\"large\"}}]}]}]},{\"type\":\"section\",\"props\":{\"image_position\":\"center-center\",\"padding_bottom\":\"none\",\"style\":\"default\",\"title_breakpoint\":\"xl\",\"title_position\":\"top-left\",\"title_rotation\":\"left\",\"vertical_align\":\"\",\"width\":\"expand\"},\"children\":[{\"type\":\"row\",\"props\":{\"column_gap\":\"small\",\"layout\":\"1-2,1-2\",\"row_gap\":\"large\",\"width\":\"expand\"},\"children\":[{\"type\":\"column\",\"props\":{\"image_position\":\"center-center\",\"position_sticky_breakpoint\":\"m\",\"vertical_align\":\"middle\",\"width_medium\":\"1-2\"},\"children\":[{\"type\":\"text\",\"props\":{\"column_breakpoint\":\"m\",\"content\":\"\n\n<p>R\u00e9f\u00e9rences disponibles<\/p>\n\n\\n\n\n<p class=\\\"uk-text-large\\\">YAYA Kombucha Yuzu 33cl <br \/>YAYA Kombucha Ginger 33cl <br \/>YAYA Kombucha Passionfruit 33cl <br \/>YAYA Kombucha Pink Elerflower 33cl<br \/>YAYA Kombucha Mate 33cl<\/p>\n\n\",\"margin_bottom\":\"default\",\"margin_top\":\"default\",\"maxwidth\":\"2xlarge\",\"text_style\":\"lead\"}},{\"type\":\"button\",\"props\":{\"grid_column_gap\":\"medium\",\"grid_row_gap\":\"small\",\"margin_bottom\":\"large\",\"margin_top\":\"large\",\"text_align\":\"left\",\"text_align_breakpoint\":\"s\",\"text_align_fallback\":\"center\",\"visibility\":\"s\"},\"children\":[{\"type\":\"button_item\",\"props\":{\"button_style\":\"default\",\"content\":\"\u2192 Commander Yaya Kombucha\",\"dialog_layout\":\"modal\",\"dialog_offcanvas_flip\":true,\"icon_align\":\"left\",\"link\":\"fr\/contact\/\"}}]},{\"type\":\"button\",\"props\":{\"fullwidth\":true,\"grid_column_gap\":\"medium\",\"grid_row_gap\":\"small\",\"margin_bottom\":\"large\",\"margin_top\":\"large\",\"text_align\":\"left\",\"text_align_breakpoint\":\"s\",\"text_align_fallback\":\"center\",\"visibility\":\"hidden-s\"},\"children\":[{\"type\":\"button_item\",\"props\":{\"button_style\":\"default\",\"content\":\"\u2192 Commander Yaya Kombucha\",\"dialog_layout\":\"modal\",\"dialog_offcanvas_flip\":true,\"icon_align\":\"left\",\"link\":\"fr\/contact\/\"}}]}]},{\"type\":\"column\",\"props\":{\"image_position\":\"center-center\",\"order_first\":\"s\",\"position_sticky_breakpoint\":\"m\",\"vertical_align\":\"middle\",\"width_medium\":\"1-2\"},\"children\":[{\"type\":\"image\",\"props\":{\"block_align\":\"center\",\"image\":\"wp-content\/uploads\/ldr-retail-slideshow-yaya-03.jpg\",\"image_svg_color\":\"emphasis\",\"image_width\":500,\"margin_bottom\":\"default\",\"margin_top\":\"default\",\"maxwidth\":\"xlarge\"}}]}]}]},{\"type\":\"section\",\"props\":{\"image_position\":\"center-center\",\"padding_bottom\":\"xsmall\",\"padding_top\":\"xsmall\",\"style\":\"default\",\"title_breakpoint\":\"xl\",\"title_position\":\"top-left\",\"title_rotation\":\"left\",\"vertical_align\":\"\",\"width\":\"default\"},\"children\":[{\"type\":\"row\",\"children\":[{\"type\":\"column\",\"props\":{\"image_position\":\"center-center\",\"position_sticky_breakpoint\":\"m\"}}]}]},{\"type\":\"section\",\"props\":{\"image_position\":\"center-center\",\"style\":\"default\",\"title_breakpoint\":\"xl\",\"title_position\":\"top-left\",\"title_rotation\":\"left\",\"vertical_align\":\"\",\"width\":\"\"},\"children\":[{\"type\":\"row\",\"children\":[{\"type\":\"column\",\"props\":{\"image_position\":\"center-center\",\"position_sticky_breakpoint\":\"m\"},\"children\":[{\"type\":\"overlay-slider\",\"props\":{\"animation\":\"none\",\"link_style\":\"default\",\"link_text\":\"Read more\",\"margin_bottom\":\"default\",\"margin_top\":\"default\",\"meta_align\":\"below-title\",\"meta_element\":\"div\",\"meta_style\":\"h1\",\"nav\":\"\",\"nav_align\":\"left\",\"nav_below\":true,\"nav_breakpoint\":\"s\",\"nav_position\":\"bottom-center\",\"nav_position_margin\":\"medium\",\"overlay_display\":\"hover\",\"overlay_link\":true,\"overlay_mode\":\"cover\",\"overlay_padding\":\"none\",\"overlay_position\":\"center\",\"overlay_transition\":\"scale-down\",\"parallax_blur\":\"0\",\"parallax_breakpoint\":\"s\",\"parallax_opacity\":\"1,0\",\"parallax_y\":\"0\",\"show_content\":true,\"show_hover_image\":true,\"show_hover_video\":true,\"show_link\":true,\"show_meta\":true,\"show_title\":false,\"slidenav\":\"\",\"slidenav_breakpoint\":\"s\",\"slidenav_hover\":false,\"slidenav_large\":true,\"slidenav_margin\":\"medium\",\"slidenav_outside_breakpoint\":\"l\",\"slider_autoplay\":true,\"slider_autoplay_pause\":false,\"slider_center\":true,\"slider_finite\":false,\"slider_gap\":\"small\",\"slider_sets\":false,\"slider_velocity\":\"0.3\",\"slider_width\":\"fixed\",\"slider_width_default\":\"4-5\",\"slider_width_medium\":\"1-4\",\"slider_width_small\":\"1-2\",\"text_align\":\"center\",\"text_color\":\"dark\",\"title_element\":\"h2\",\"title_hover_style\":\"reset\",\"title_link\":true,\"title_style\":\"h1\"},\"children\":[{\"type\":\"overlay-slider_item\",\"props\":{\"image\":\"wp-content\/uploads\/lovibond-drinks-belgium-yaya-kombucha-01.jpg\",\"title\":\"lovibond-drinks-belgium-yaya-kombucha-01\"}},{\"type\":\"overlay-slider_item\",\"props\":{\"image\":\"wp-content\/uploads\/lovibond-drinks-belgium-yaya-kombucha-002.jpg\",\"title\":\"lovibond-drinks-belgium-yaya-kombucha-02\"}},{\"type\":\"overlay-slider_item\",\"props\":{\"image\":\"wp-content\/uploads\/lovibond-drinks-belgium-yaya-kombucha-003.jpg\",\"title\":\"lovibond-drinks-belgium-yaya-kombucha-03\"}},{\"type\":\"overlay-slider_item\",\"props\":{\"image\":\"wp-content\/uploads\/lovibond-drinks-belgium-yaya-kombucha-06.jpg\",\"title\":\"lovibond-drinks-belgium-yaya-kombucha-06\"}},{\"type\":\"overlay-slider_item\",\"props\":{\"image\":\"wp-content\/uploads\/lovibond-drinks-belgium-yaya-kombucha-007.jpg\",\"title\":\"lovibond-drinks-belgium-yaya-kombucha-07\"}},{\"type\":\"overlay-slider_item\",\"props\":{\"image\":\"wp-content\/uploads\/lovibond-drinks-belgium-yaya-kombucha-04.jpg\",\"title\":\"lovibond-drinks-belgium-yaya-kombucha-04\"}},{\"type\":\"overlay-slider_item\",\"props\":{\"image\":\"wp-content\/uploads\/lovibond-drinks-belgium-yaya-kombucha-008.jpg\",\"title\":\"lovibond-drinks-belgium-yaya-kombucha-08\"}},{\"type\":\"overlay-slider_item\",\"props\":{\"image\":\"wp-content\/uploads\/lovibond-drinks-belgium-yaya-kombucha-05.jpg\",\"title\":\"lovibond-drinks-belgium-yaya-kombucha-05\"}}],\"name\":\"***_ SLIDER YAYA MOOD\"}]}]}]},{\"type\":\"section\",\"props\":{\"image_position\":\"center-center\",\"padding_bottom\":\"xsmall\",\"padding_top\":\"xsmall\",\"style\":\"default\",\"title_breakpoint\":\"xl\",\"title_position\":\"top-left\",\"title_rotation\":\"left\",\"vertical_align\":\"\",\"width\":\"default\"},\"children\":[{\"type\":\"row\",\"children\":[{\"type\":\"column\",\"props\":{\"image_position\":\"center-center\",\"position_sticky_breakpoint\":\"m\"}}]}]}],\"version\":\"5.0.4\"} --><\/p>\n","protected":false},"excerpt":{"rendered":"<p>yaya kombucha\u00a0(import exclusif) YAYA Kombucha propose une gamme de kombuchas artisanaux, biologiques et rafra\u00eechissants, con\u00e7us comme des alternatives saines, peu sucr\u00e9es et sans alcool aux sodas classiques. Fabriqu\u00e9es \u00e0 base de th\u00e9 ferment\u00e9 (noir et vert) et de jus press\u00e9s \u00e0 froid, leurs boissons, plein de probiotiques, sont d\u00e9licieuses et riches en go\u00fbt. R\u00e9f\u00e9rences disponibles [&hellip;]<\/p>\n","protected":false},"author":1,"featured_media":0,"parent":0,"menu_order":1,"comment_status":"closed","ping_status":"closed","template":"","meta":{"_acf_changed":false,"_exactmetrics_skip_tracking":false,"_exactmetrics_sitenote_active":false,"_exactmetrics_sitenote_note":"","_exactmetrics_sitenote_category":0,"footnotes":""},"class_list":["post-8330","page","type-page","status-publish","hentry"],"acf":[],"jetpack_sharing_enabled":true,"_links":{"self":[{"href":"https:\/\/www.lovibond-drinks.be\/fr\/wp-json\/wp\/v2\/pages\/8330","targetHints":{"allow":["GET"]}}],"collection":[{"href":"https:\/\/www.lovibond-drinks.be\/fr\/wp-json\/wp\/v2\/pages"}],"about":[{"href":"https:\/\/www.lovibond-drinks.be\/fr\/wp-json\/wp\/v2\/types\/page"}],"author":[{"embeddable":true,"href":"https:\/\/www.lovibond-drinks.be\/fr\/wp-json\/wp\/v2\/users\/1"}],"replies":[{"embeddable":true,"href":"https:\/\/www.lovibond-drinks.be\/fr\/wp-json\/wp\/v2\/comments?post=8330"}],"version-history":[{"count":14,"href":"https:\/\/www.lovibond-drinks.be\/fr\/wp-json\/wp\/v2\/pages\/8330\/revisions"}],"predecessor-version":[{"id":9468,"href":"https:\/\/www.lovibond-drinks.be\/fr\/wp-json\/wp\/v2\/pages\/8330\/revisions\/9468"}],"wp:attachment":[{"href":"https:\/\/www.lovibond-drinks.be\/fr\/wp-json\/wp\/v2\/media?parent=8330"}],"curies":[{"name":"wp","href":"https:\/\/api.w.org\/{rel}","templated":true}]}}