{"id":7841,"date":"2025-01-20T22:23:07","date_gmt":"2025-01-20T22:23:07","guid":{"rendered":"http:\/\/www.lovibond-drinks.be\/?page_id=7841"},"modified":"2026-01-23T13:39:27","modified_gmt":"2026-01-23T13:39:27","slug":"wostok","status":"publish","type":"page","link":"https:\/\/www.lovibond-drinks.be\/fr\/wostok\/","title":{"rendered":"Wostok"},"content":{"rendered":"<h1>wostok <span class=\"exponent\">(import exclusif)<\/span><\/h1>\n<div>\n<p>Wostok est bas\u00e9e \u00e0 Berlin et propose des sodas artisanaux biologiques connus pour leurs combinaisons de saveurs originales, inspir\u00e9es d&rsquo;Europe de l&rsquo;Est et de la route de la soie. Contrairement aux sodas classiques, Wostok se distingue par des recettes botaniques souvent moins sucr\u00e9es et sans ar\u00f4mes artificiels ni conservateurs. Leurs sodas sont parfaits \u00e0 consommer seuls ou m\u00e9lang\u00e9s \u00e0 un cocktail ou un long drink.<\/p>\n<\/div>\n<div>\n<p>R\u00e9f\u00e9rences disponibles<\/p>\n<p class=\"uk-text-large\">Wostok Date-Pomegranate 33cl<br \/>Wostok Tarragon-Ginger 33cl<br \/>Wostok Organic Pear-Rosemary 33cl<br \/>Wostok Organic Plum-Cardamom 33cl<\/p>\n<\/div>\n<p><p>\n        <a href=\"http:\/\/www.lovibond-drinks.be\/fr\/contact\/\">\u2192 Commander Wostok<\/a>\n    <\/p>\n<\/p>\n<p><p>\n        <a href=\"http:\/\/www.lovibond-drinks.be\/fr\/contact\/\">\u2192 Commander Wostok<\/a>\n    <\/p>\n<\/p>\n<p><img decoding=\"async\" src=\"\/wp-content\/uploads\/lovibond-drinks-belgium-wostok-packshot-02.png\" alt=\"\"><\/p>\n<ul>\n<li>\n<p>        <img decoding=\"async\" src=\"\/wp-content\/uploads\/lovibond-drinks-belgium-wostok-01.jpg\" alt=\"\"><\/p>\n<h2>lovibond-drinks-belgium-wostok-01<\/h2>\n<\/li>\n<li>\n<p>        <img decoding=\"async\" src=\"\/wp-content\/uploads\/lovibond-drinks-belgium-wostok-02.jpg\" alt=\"\"><\/p>\n<h2>lovibond-drinks-belgium-wostok-02<\/h2>\n<\/li>\n<li>\n<p>        <img decoding=\"async\" src=\"\/wp-content\/uploads\/lovibond-drinks-belgium-wostok-03.jpg\" alt=\"\"><\/p>\n<h2>lovibond-drinks-belgium-wostok-03<\/h2>\n<\/li>\n<li>\n<p>        <img decoding=\"async\" src=\"\/wp-content\/uploads\/lovibond-drinks-belgium-wostok-04.jpg\" alt=\"\"><\/p>\n<h2>lovibond-drinks-belgium-wostok-04<\/h2>\n<\/li>\n<li>\n<p>        <img decoding=\"async\" src=\"\/wp-content\/uploads\/lovibond-drinks-belgium-wostok-05.jpg\" alt=\"\"><\/p>\n<h2>lovibond-drinks-belgium-wostok-05<\/h2>\n<\/li>\n<li>\n<p>        <img decoding=\"async\" src=\"\/wp-content\/uploads\/lovibond-drinks-belgium-wostok-06.jpg\" alt=\"\"><\/p>\n<h2>lovibond-drinks-belgium-wostok-06<\/h2>\n<\/li>\n<li>\n<p>        <img decoding=\"async\" src=\"\/wp-content\/uploads\/lovibond-drinks-belgium-wostok-07.jpg\" alt=\"\"><\/p>\n<h2>lovibond-drinks-belgium-wostok-07<\/h2>\n<\/li>\n<li>\n<p>        <img decoding=\"async\" src=\"\/wp-content\/uploads\/lovibond-drinks-belgium-wostok-08.jpg\" alt=\"\"><\/p>\n<h2>lovibond-drinks-belgium-wostok-08<\/h2>\n<\/li>\n<li>\n<p>        <img decoding=\"async\" src=\"\/wp-content\/uploads\/lovibond-drinks-belgium-wostok-09.jpg\" alt=\"\"><\/p>\n<h2>lovibond-drinks-belgium-wostok-09<\/h2>\n<\/li>\n<li>\n<p>        <img decoding=\"async\" src=\"\/wp-content\/uploads\/lovibond-drinks-belgium-wostok-10.jpg\" alt=\"\"><\/p>\n<h2>lovibond-drinks-belgium-wostok-10<\/h2>\n<\/li>\n<\/ul>\n<p><!--more--><br \/>\n<!-- {\"type\":\"layout\",\"children\":[{\"type\":\"section\",\"props\":{\"height\":\"viewport\",\"height_viewport\":25,\"image_position\":\"center-center\",\"padding_bottom\":\"small\",\"padding_top\":\"small\",\"style\":\"default\",\"title_breakpoint\":\"xl\",\"title_position\":\"top-left\",\"title_rotation\":\"left\",\"vertical_align\":\"\",\"width\":\"\"},\"children\":[{\"type\":\"row\",\"props\":{\"column_gap\":\"small\",\"layout\":\"1-2,1-2\",\"parallax\":false,\"width\":\"expand\"},\"children\":[{\"type\":\"column\",\"props\":{\"image_position\":\"center-center\",\"position_sticky_breakpoint\":\"m\",\"width_small\":\"1-2\"}},{\"type\":\"column\",\"props\":{\"image_position\":\"center-center\",\"position_sticky_breakpoint\":\"m\",\"width_small\":\"1-2\"},\"children\":[{\"type\":\"headline\",\"props\":{\"content\":\"wostok <span class=\\\"exponent\\\">(import exclusif)<\/span>\",\"image_align\":\"left\",\"image_margin\":\"xsmall\",\"margin_bottom\":\"medium\",\"margin_top\":\"medium\",\"title_element\":\"h1\",\"title_style\":\"h2\"}},{\"type\":\"text\",\"props\":{\"column_breakpoint\":\"m\",\"content\":\"\n\n<p>Wostok est bas\u00e9e \u00e0 Berlin et propose des sodas artisanaux biologiques connus pour leurs combinaisons de saveurs originales, inspir\u00e9es d'Europe de l'Est et de la route de la soie. Contrairement aux sodas classiques, Wostok se distingue par des recettes botaniques souvent moins sucr\u00e9es et sans ar\u00f4mes artificiels ni conservateurs. Leurs sodas sont parfaits \u00e0 consommer seuls ou m\u00e9lang\u00e9s \u00e0 un cocktail ou un long drink.<\/p>\n\n\",\"margin_bottom\":\"medium\",\"margin_top\":\"remove\",\"maxwidth\":\"2xlarge\",\"text_style\":\"large\"}}]}]}]},{\"type\":\"section\",\"props\":{\"image_position\":\"center-center\",\"padding_bottom\":\"none\",\"style\":\"default\",\"title_breakpoint\":\"xl\",\"title_position\":\"top-left\",\"title_rotation\":\"left\",\"vertical_align\":\"\",\"width\":\"expand\"},\"children\":[{\"type\":\"row\",\"props\":{\"column_gap\":\"small\",\"layout\":\"1-2,1-2\",\"row_gap\":\"small\",\"width\":\"expand\"},\"children\":[{\"type\":\"column\",\"props\":{\"image_position\":\"center-center\",\"position_sticky_breakpoint\":\"m\",\"vertical_align\":\"middle\",\"width_medium\":\"1-2\"},\"children\":[{\"type\":\"text\",\"props\":{\"column_breakpoint\":\"m\",\"content\":\"\n\n<p>R\u00e9f\u00e9rences disponibles<\/p>\n\n\\n\n\n<p class=\\\"uk-text-large\\\">Wostok Date-Pomegranate 33cl<br \/>Wostok Tarragon-Ginger 33cl<br \/>Wostok Organic Pear-Rosemary 33cl<br \/>Wostok Organic Plum-Cardamom 33cl<\/p>\n\n\",\"margin_bottom\":\"default\",\"margin_top\":\"default\",\"maxwidth\":\"2xlarge\",\"text_style\":\"lead\"}},{\"type\":\"button\",\"props\":{\"grid_column_gap\":\"medium\",\"grid_row_gap\":\"small\",\"margin_bottom\":\"large\",\"margin_top\":\"large\",\"text_align\":\"left\",\"text_align_breakpoint\":\"s\",\"text_align_fallback\":\"center\",\"visibility\":\"s\"},\"children\":[{\"type\":\"button_item\",\"props\":{\"button_style\":\"default\",\"content\":\"\u2192 Commander Wostok\",\"dialog_layout\":\"modal\",\"dialog_offcanvas_flip\":true,\"icon_align\":\"left\",\"link\":\"fr\/contact\/\"}}]},{\"type\":\"button\",\"props\":{\"fullwidth\":true,\"grid_column_gap\":\"medium\",\"grid_row_gap\":\"small\",\"margin_bottom\":\"large\",\"margin_top\":\"large\",\"text_align\":\"left\",\"text_align_breakpoint\":\"s\",\"text_align_fallback\":\"center\",\"visibility\":\"hidden-s\"},\"children\":[{\"type\":\"button_item\",\"props\":{\"button_style\":\"default\",\"content\":\"\u2192 Commander Wostok\",\"dialog_layout\":\"modal\",\"dialog_offcanvas_flip\":true,\"icon_align\":\"left\",\"link\":\"fr\/contact\/\"}}]}]},{\"type\":\"column\",\"props\":{\"image_position\":\"center-center\",\"order_first\":\"s\",\"position_sticky_breakpoint\":\"m\",\"vertical_align\":\"middle\",\"width_medium\":\"1-2\"},\"children\":[{\"type\":\"image\",\"props\":{\"block_align\":\"center\",\"image\":\"wp-content\/uploads\/lovibond-drinks-belgium-wostok-packshot-02.png\",\"image_svg_color\":\"emphasis\",\"image_width\":\"450\",\"margin_bottom\":\"default\",\"margin_top\":\"default\",\"maxwidth\":\"xlarge\",\"text_align\":\"center\"}}]}]}]},{\"type\":\"section\",\"props\":{\"image_position\":\"center-center\",\"padding_bottom\":\"xsmall\",\"padding_top\":\"xsmall\",\"style\":\"default\",\"title_breakpoint\":\"xl\",\"title_position\":\"top-left\",\"title_rotation\":\"left\",\"vertical_align\":\"\",\"width\":\"default\"},\"children\":[{\"type\":\"row\",\"children\":[{\"type\":\"column\",\"props\":{\"image_position\":\"center-center\",\"position_sticky_breakpoint\":\"m\"}}]}]},{\"type\":\"section\",\"props\":{\"image_position\":\"center-center\",\"style\":\"default\",\"title_breakpoint\":\"xl\",\"title_position\":\"top-left\",\"title_rotation\":\"left\",\"vertical_align\":\"\",\"width\":\"\"},\"children\":[{\"type\":\"row\",\"children\":[{\"type\":\"column\",\"props\":{\"image_position\":\"center-center\",\"position_sticky_breakpoint\":\"m\"},\"children\":[{\"type\":\"overlay-slider\",\"props\":{\"animation\":\"none\",\"link_style\":\"default\",\"link_text\":\"Read more\",\"margin_bottom\":\"default\",\"margin_top\":\"default\",\"meta_align\":\"below-title\",\"meta_element\":\"div\",\"meta_style\":\"h1\",\"nav\":\"\",\"nav_align\":\"left\",\"nav_below\":true,\"nav_breakpoint\":\"s\",\"nav_position\":\"bottom-center\",\"nav_position_margin\":\"medium\",\"overlay_display\":\"hover\",\"overlay_link\":true,\"overlay_mode\":\"cover\",\"overlay_padding\":\"none\",\"overlay_position\":\"center\",\"overlay_transition\":\"scale-down\",\"parallax_blur\":\"0\",\"parallax_breakpoint\":\"s\",\"parallax_opacity\":\"1,0\",\"parallax_y\":\"0\",\"show_content\":true,\"show_hover_image\":true,\"show_hover_video\":true,\"show_link\":true,\"show_meta\":true,\"show_title\":false,\"slidenav\":\"\",\"slidenav_breakpoint\":\"s\",\"slidenav_hover\":false,\"slidenav_large\":true,\"slidenav_margin\":\"medium\",\"slidenav_outside_breakpoint\":\"l\",\"slider_autoplay\":true,\"slider_autoplay_pause\":false,\"slider_center\":true,\"slider_finite\":false,\"slider_gap\":\"small\",\"slider_sets\":false,\"slider_velocity\":\"0.3\",\"slider_width\":\"fixed\",\"slider_width_default\":\"3-5\",\"slider_width_medium\":\"1-4\",\"slider_width_small\":\"1-2\",\"text_align\":\"center\",\"text_color\":\"dark\",\"title_element\":\"h2\",\"title_hover_style\":\"reset\",\"title_link\":true,\"title_style\":\"h1\"},\"children\":[{\"type\":\"overlay-slider_item\",\"props\":{\"image\":\"wp-content\/uploads\/lovibond-drinks-belgium-wostok-01.jpg\",\"title\":\"lovibond-drinks-belgium-wostok-01\"}},{\"type\":\"overlay-slider_item\",\"props\":{\"image\":\"wp-content\/uploads\/lovibond-drinks-belgium-wostok-02.jpg\",\"title\":\"lovibond-drinks-belgium-wostok-02\"}},{\"type\":\"overlay-slider_item\",\"props\":{\"image\":\"wp-content\/uploads\/lovibond-drinks-belgium-wostok-03.jpg\",\"title\":\"lovibond-drinks-belgium-wostok-03\"}},{\"type\":\"overlay-slider_item\",\"props\":{\"image\":\"wp-content\/uploads\/lovibond-drinks-belgium-wostok-04.jpg\",\"title\":\"lovibond-drinks-belgium-wostok-04\"}},{\"type\":\"overlay-slider_item\",\"props\":{\"image\":\"wp-content\/uploads\/lovibond-drinks-belgium-wostok-05.jpg\",\"title\":\"lovibond-drinks-belgium-wostok-05\"}},{\"type\":\"overlay-slider_item\",\"props\":{\"image\":\"wp-content\/uploads\/lovibond-drinks-belgium-wostok-06.jpg\",\"title\":\"lovibond-drinks-belgium-wostok-06\"}},{\"type\":\"overlay-slider_item\",\"props\":{\"image\":\"wp-content\/uploads\/lovibond-drinks-belgium-wostok-07.jpg\",\"title\":\"lovibond-drinks-belgium-wostok-07\"}},{\"type\":\"overlay-slider_item\",\"props\":{\"image\":\"wp-content\/uploads\/lovibond-drinks-belgium-wostok-08.jpg\",\"title\":\"lovibond-drinks-belgium-wostok-08\"}},{\"type\":\"overlay-slider_item\",\"props\":{\"image\":\"wp-content\/uploads\/lovibond-drinks-belgium-wostok-09.jpg\",\"title\":\"lovibond-drinks-belgium-wostok-09\"}},{\"type\":\"overlay-slider_item\",\"props\":{\"image\":\"wp-content\/uploads\/lovibond-drinks-belgium-wostok-10.jpg\",\"title\":\"lovibond-drinks-belgium-wostok-10\"}}]}]}]}]},{\"type\":\"section\",\"props\":{\"image_position\":\"center-center\",\"padding_bottom\":\"xsmall\",\"padding_top\":\"xsmall\",\"style\":\"default\",\"title_breakpoint\":\"xl\",\"title_position\":\"top-left\",\"title_rotation\":\"left\",\"vertical_align\":\"\",\"width\":\"default\"},\"children\":[{\"type\":\"row\",\"children\":[{\"type\":\"column\",\"props\":{\"image_position\":\"center-center\",\"position_sticky_breakpoint\":\"m\"}}]}]}],\"version\":\"5.0.4\"} --><\/p>\n","protected":false},"excerpt":{"rendered":"<p>wostok (import exclusif) Wostok est bas\u00e9e \u00e0 Berlin et propose des sodas artisanaux biologiques connus pour leurs combinaisons de saveurs originales, inspir\u00e9es d&rsquo;Europe de l&rsquo;Est et de la route de la soie. Contrairement aux sodas classiques, Wostok se distingue par des recettes botaniques souvent moins sucr\u00e9es et sans ar\u00f4mes artificiels ni conservateurs. Leurs sodas sont [&hellip;]<\/p>\n","protected":false},"author":1,"featured_media":0,"parent":0,"menu_order":1,"comment_status":"closed","ping_status":"closed","template":"","meta":{"_acf_changed":false,"_exactmetrics_skip_tracking":false,"_exactmetrics_sitenote_active":false,"_exactmetrics_sitenote_note":"","_exactmetrics_sitenote_category":0,"footnotes":""},"class_list":["post-7841","page","type-page","status-publish","hentry"],"acf":[],"jetpack_sharing_enabled":true,"_links":{"self":[{"href":"https:\/\/www.lovibond-drinks.be\/fr\/wp-json\/wp\/v2\/pages\/7841","targetHints":{"allow":["GET"]}}],"collection":[{"href":"https:\/\/www.lovibond-drinks.be\/fr\/wp-json\/wp\/v2\/pages"}],"about":[{"href":"https:\/\/www.lovibond-drinks.be\/fr\/wp-json\/wp\/v2\/types\/page"}],"author":[{"embeddable":true,"href":"https:\/\/www.lovibond-drinks.be\/fr\/wp-json\/wp\/v2\/users\/1"}],"replies":[{"embeddable":true,"href":"https:\/\/www.lovibond-drinks.be\/fr\/wp-json\/wp\/v2\/comments?post=7841"}],"version-history":[{"count":8,"href":"https:\/\/www.lovibond-drinks.be\/fr\/wp-json\/wp\/v2\/pages\/7841\/revisions"}],"predecessor-version":[{"id":9404,"href":"https:\/\/www.lovibond-drinks.be\/fr\/wp-json\/wp\/v2\/pages\/7841\/revisions\/9404"}],"wp:attachment":[{"href":"https:\/\/www.lovibond-drinks.be\/fr\/wp-json\/wp\/v2\/media?parent=7841"}],"curies":[{"name":"wp","href":"https:\/\/api.w.org\/{rel}","templated":true}]}}