{"id":7263,"date":"2024-01-17T20:46:55","date_gmt":"2024-01-17T20:46:55","guid":{"rendered":"http:\/\/www.lovibond-drinks.be\/?page_id=7263"},"modified":"2026-01-23T13:27:00","modified_gmt":"2026-01-23T13:27:00","slug":"cucumis","status":"publish","type":"page","link":"https:\/\/www.lovibond-drinks.be\/fr\/cucumis\/","title":{"rendered":"Cucumis"},"content":{"rendered":"<h1>cucumis <span class=\"exponent\">(import exclusif)<\/span><\/h1>\n<div>\n<p>Originaire d\u2019Hambourg, Cucumis est le pionnier en Europe de la limonade \u00e0 base de concombre et de lavande. \u00c9labor\u00e9s \u00e0 partir d\u2019ingr\u00e9dients naturels et adapt\u00e9s aux v\u00e9g\u00e9taliens, ces sodas d\u00e9licieux peuvent aussi sublimer les cocktails classiques. Perfectionnez votre Moscow Mule ou votre G&amp;T en amplifiant les saveurs d\u2019agrumes et de plantes avec une touche funky et herbac\u00e9e.<\/p>\n<\/div>\n<div>\n<p>R\u00e9f\u00e9rences disponibles<\/p>\n<p class=\"uk-text-large\">Cucumis Lavender 33cl <br \/>Cucumis Cucumber 33cl <br \/>Cucumis Lavender (CAN)\u00a033cl <br \/>Cucumis Cucumber (CAN) 33cl<\/p>\n<\/div>\n<p><p>\n        <a href=\"http:\/\/www.lovibond-drinks.be\/fr\/contact\/\">\u2192 Commander Cucumis<\/a>\n    <\/p>\n<\/p>\n<p><p>\n        <a href=\"http:\/\/www.lovibond-drinks.be\/fr\/contact\/\">\u2192 Commander Cucumis<\/a>\n    <\/p>\n<\/p>\n<p><img decoding=\"async\" src=\"\/wp-content\/uploads\/ldr-retail-slideshow-cucumis-02.jpg\" alt=\"\"><\/p>\n<ul>\n<li>\n<p>        <img decoding=\"async\" src=\"\/wp-content\/uploads\/lovibond-drinks-belgium-cucumis-02.jpg\" alt=\"\"><\/p>\n<h2>lovibond-drinks-belgium-cucumis-02<\/h2>\n<\/li>\n<li>\n<p>        <img decoding=\"async\" src=\"\/wp-content\/uploads\/lovibond-drinks-belgium-cucumis-01.jpg\" alt=\"\"><\/p>\n<h2>lovibond-drinks-belgium-cucumis-01<\/h2>\n<\/li>\n<li>\n<p>        <img decoding=\"async\" src=\"\/wp-content\/uploads\/lovibond-drinks-belgium-cucumis-04.jpg\" alt=\"\"><\/p>\n<h2>lovibond-drinks-belgium-cucumis-04<\/h2>\n<\/li>\n<li>\n<p>        <img decoding=\"async\" src=\"\/wp-content\/uploads\/lovibond-drinks-belgium-cucumis-05.jpg\" alt=\"\"><\/p>\n<h2>lovibond-drinks-belgium-cucumis-05<\/h2>\n<\/li>\n<li>\n<p>        <img decoding=\"async\" src=\"\/wp-content\/uploads\/lovibond-drinks-belgium-cucumis-06.jpg\" alt=\"\"><\/p>\n<h2>lovibond-drinks-belgium-cucumis-06<\/h2>\n<\/li>\n<li>\n<p>        <img decoding=\"async\" src=\"\/wp-content\/uploads\/lovibond-drinks-belgium-cucumis-03.jpg\" alt=\"\"><\/p>\n<h2>lovibond-drinks-belgium-cucumis-03<\/h2>\n<\/li>\n<li>\n<p>        <img decoding=\"async\" src=\"\/wp-content\/uploads\/lovibond-drinks-belgium-cucumis-07.jpg\" alt=\"\"><\/p>\n<h2>lovibond-drinks-belgium-cucumis-07<\/h2>\n<\/li>\n<li>\n<p>        <img decoding=\"async\" src=\"\/wp-content\/uploads\/lovibond-drinks-belgium-cucumis-08.jpg\" alt=\"\"><\/p>\n<h2>lovibond-drinks-belgium-cucumis-08<\/h2>\n<\/li>\n<\/ul>\n<p><!--more--><br \/>\n<!-- {\"type\":\"layout\",\"children\":[{\"type\":\"section\",\"props\":{\"height\":\"viewport\",\"height_viewport\":25,\"image_position\":\"center-center\",\"padding_bottom\":\"small\",\"padding_top\":\"small\",\"style\":\"default\",\"title_breakpoint\":\"xl\",\"title_position\":\"top-left\",\"title_rotation\":\"left\",\"vertical_align\":\"\",\"width\":\"\"},\"children\":[{\"type\":\"row\",\"props\":{\"column_gap\":\"small\",\"layout\":\"1-2,1-2\",\"parallax\":false,\"width\":\"expand\"},\"children\":[{\"type\":\"column\",\"props\":{\"image_position\":\"center-center\",\"position_sticky_breakpoint\":\"m\",\"width_small\":\"1-2\"}},{\"type\":\"column\",\"props\":{\"image_position\":\"center-center\",\"position_sticky_breakpoint\":\"m\",\"width_small\":\"1-2\"},\"children\":[{\"type\":\"headline\",\"props\":{\"content\":\"cucumis <span class=\\\"exponent\\\">(import exclusif)<\/span>\",\"image_align\":\"left\",\"image_margin\":\"xsmall\",\"margin_bottom\":\"medium\",\"margin_top\":\"medium\",\"title_element\":\"h1\",\"title_style\":\"h2\"}},{\"type\":\"text\",\"props\":{\"column_breakpoint\":\"m\",\"content\":\"\n\n<p>Originaire d\u2019Hambourg, Cucumis est le pionnier en Europe de la limonade \u00e0 base de concombre et de lavande. \u00c9labor\u00e9s \u00e0 partir d\u2019ingr\u00e9dients naturels et adapt\u00e9s aux v\u00e9g\u00e9taliens, ces sodas d\u00e9licieux peuvent aussi sublimer les cocktails classiques. Perfectionnez votre Moscow Mule ou votre G&amp;T en amplifiant les saveurs d\u2019agrumes et de plantes avec une touche funky et herbac\u00e9e.<\/p>\n\n\",\"margin_bottom\":\"medium\",\"margin_top\":\"remove\",\"maxwidth\":\"2xlarge\",\"text_style\":\"large\"}}]}]}]},{\"type\":\"section\",\"props\":{\"image_position\":\"center-center\",\"padding_bottom\":\"none\",\"style\":\"default\",\"title_breakpoint\":\"xl\",\"title_position\":\"top-left\",\"title_rotation\":\"left\",\"vertical_align\":\"\",\"width\":\"expand\"},\"children\":[{\"type\":\"row\",\"props\":{\"column_gap\":\"small\",\"layout\":\"1-2,1-2\",\"row_gap\":\"large\",\"width\":\"expand\"},\"children\":[{\"type\":\"column\",\"props\":{\"image_position\":\"center-center\",\"position_sticky_breakpoint\":\"m\",\"vertical_align\":\"middle\",\"width_medium\":\"1-2\"},\"children\":[{\"type\":\"text\",\"props\":{\"column_breakpoint\":\"m\",\"content\":\"\n\n<p>R\u00e9f\u00e9rences disponibles<\/p>\n\n\\n\n\n<p class=\\\"uk-text-large\\\">Cucumis Lavender 33cl <br \/>Cucumis Cucumber 33cl <br \/>Cucumis Lavender (CAN)\u00a033cl <br \/>Cucumis Cucumber (CAN) 33cl<\/p>\n\n\",\"margin_bottom\":\"default\",\"margin_top\":\"default\",\"maxwidth\":\"2xlarge\",\"text_style\":\"lead\"}},{\"type\":\"button\",\"props\":{\"grid_column_gap\":\"medium\",\"grid_row_gap\":\"small\",\"margin_bottom\":\"large\",\"margin_top\":\"large\",\"text_align\":\"left\",\"text_align_breakpoint\":\"s\",\"text_align_fallback\":\"center\",\"visibility\":\"s\"},\"children\":[{\"type\":\"button_item\",\"props\":{\"button_style\":\"default\",\"content\":\"\u2192 Commander Cucumis\",\"dialog_layout\":\"modal\",\"dialog_offcanvas_flip\":true,\"icon_align\":\"left\",\"link\":\"fr\/contact\/\"}}]},{\"type\":\"button\",\"props\":{\"fullwidth\":true,\"grid_column_gap\":\"medium\",\"grid_row_gap\":\"small\",\"margin_bottom\":\"large\",\"margin_top\":\"large\",\"text_align\":\"left\",\"text_align_breakpoint\":\"s\",\"text_align_fallback\":\"center\",\"visibility\":\"hidden-s\"},\"children\":[{\"type\":\"button_item\",\"props\":{\"button_style\":\"default\",\"content\":\"\u2192 Commander Cucumis\",\"dialog_layout\":\"modal\",\"dialog_offcanvas_flip\":true,\"icon_align\":\"left\",\"link\":\"fr\/contact\/\"}}]}]},{\"type\":\"column\",\"props\":{\"image_position\":\"center-center\",\"order_first\":\"s\",\"position_sticky_breakpoint\":\"m\",\"vertical_align\":\"middle\",\"width_medium\":\"1-2\"},\"children\":[{\"type\":\"image\",\"props\":{\"block_align\":\"center\",\"image\":\"wp-content\/uploads\/ldr-retail-slideshow-cucumis-02.jpg\",\"image_svg_color\":\"emphasis\",\"image_width\":400,\"margin_bottom\":\"default\",\"margin_top\":\"default\",\"maxwidth\":\"xlarge\",\"text_align\":\"center\"}}]}]}]},{\"type\":\"section\",\"props\":{\"image_position\":\"center-center\",\"padding_bottom\":\"xsmall\",\"padding_top\":\"xsmall\",\"style\":\"default\",\"title_breakpoint\":\"xl\",\"title_position\":\"top-left\",\"title_rotation\":\"left\",\"vertical_align\":\"\",\"width\":\"default\"},\"children\":[{\"type\":\"row\",\"children\":[{\"type\":\"column\",\"props\":{\"image_position\":\"center-center\",\"position_sticky_breakpoint\":\"m\"}}]}]},{\"type\":\"section\",\"props\":{\"image_position\":\"center-center\",\"style\":\"default\",\"title_breakpoint\":\"xl\",\"title_position\":\"top-left\",\"title_rotation\":\"left\",\"vertical_align\":\"\",\"width\":\"\"},\"children\":[{\"type\":\"row\",\"children\":[{\"type\":\"column\",\"props\":{\"image_position\":\"center-center\",\"position_sticky_breakpoint\":\"m\"},\"children\":[{\"type\":\"overlay-slider\",\"props\":{\"animation\":\"none\",\"link_style\":\"default\",\"link_text\":\"Read more\",\"margin_bottom\":\"default\",\"margin_top\":\"default\",\"meta_align\":\"below-title\",\"meta_element\":\"div\",\"meta_style\":\"h1\",\"nav\":\"\",\"nav_align\":\"left\",\"nav_below\":true,\"nav_breakpoint\":\"s\",\"nav_position\":\"bottom-center\",\"nav_position_margin\":\"medium\",\"overlay_display\":\"hover\",\"overlay_link\":true,\"overlay_mode\":\"cover\",\"overlay_padding\":\"none\",\"overlay_position\":\"center\",\"overlay_transition\":\"scale-down\",\"parallax_blur\":\"0\",\"parallax_breakpoint\":\"s\",\"parallax_opacity\":\"1,0\",\"parallax_y\":\"0\",\"show_content\":true,\"show_hover_image\":true,\"show_hover_video\":true,\"show_link\":true,\"show_meta\":true,\"show_title\":false,\"slidenav\":\"\",\"slidenav_breakpoint\":\"s\",\"slidenav_hover\":false,\"slidenav_large\":true,\"slidenav_margin\":\"medium\",\"slidenav_outside_breakpoint\":\"l\",\"slider_autoplay\":true,\"slider_autoplay_pause\":false,\"slider_center\":true,\"slider_finite\":false,\"slider_gap\":\"small\",\"slider_sets\":false,\"slider_velocity\":\"0.3\",\"slider_width\":\"fixed\",\"slider_width_default\":\"3-5\",\"slider_width_medium\":\"1-4\",\"slider_width_small\":\"1-2\",\"text_align\":\"center\",\"text_color\":\"dark\",\"title_element\":\"h2\",\"title_hover_style\":\"reset\",\"title_link\":true,\"title_style\":\"h1\"},\"children\":[{\"type\":\"overlay-slider_item\",\"props\":{\"image\":\"wp-content\/uploads\/lovibond-drinks-belgium-cucumis-02.jpg\",\"title\":\"lovibond-drinks-belgium-cucumis-02\"}},{\"type\":\"overlay-slider_item\",\"props\":{\"image\":\"wp-content\/uploads\/lovibond-drinks-belgium-cucumis-01.jpg\",\"title\":\"lovibond-drinks-belgium-cucumis-01\"}},{\"type\":\"overlay-slider_item\",\"props\":{\"image\":\"wp-content\/uploads\/lovibond-drinks-belgium-cucumis-04.jpg\",\"title\":\"lovibond-drinks-belgium-cucumis-04\"}},{\"type\":\"overlay-slider_item\",\"props\":{\"image\":\"wp-content\/uploads\/lovibond-drinks-belgium-cucumis-05.jpg\",\"title\":\"lovibond-drinks-belgium-cucumis-05\"}},{\"type\":\"overlay-slider_item\",\"props\":{\"image\":\"wp-content\/uploads\/lovibond-drinks-belgium-cucumis-06.jpg\",\"title\":\"lovibond-drinks-belgium-cucumis-06\"}},{\"type\":\"overlay-slider_item\",\"props\":{\"image\":\"wp-content\/uploads\/lovibond-drinks-belgium-cucumis-03.jpg\",\"title\":\"lovibond-drinks-belgium-cucumis-03\"}},{\"type\":\"overlay-slider_item\",\"props\":{\"image\":\"wp-content\/uploads\/lovibond-drinks-belgium-cucumis-07.jpg\",\"title\":\"lovibond-drinks-belgium-cucumis-07\"}},{\"type\":\"overlay-slider_item\",\"props\":{\"image\":\"wp-content\/uploads\/lovibond-drinks-belgium-cucumis-08.jpg\",\"title\":\"lovibond-drinks-belgium-cucumis-08\"}}]}]}]}]},{\"type\":\"section\",\"props\":{\"image_position\":\"center-center\",\"padding_bottom\":\"xsmall\",\"padding_top\":\"xsmall\",\"style\":\"default\",\"title_breakpoint\":\"xl\",\"title_position\":\"top-left\",\"title_rotation\":\"left\",\"vertical_align\":\"\",\"width\":\"default\"},\"children\":[{\"type\":\"row\",\"children\":[{\"type\":\"column\",\"props\":{\"image_position\":\"center-center\",\"position_sticky_breakpoint\":\"m\"}}]}]}],\"version\":\"5.0.4\"} --><\/p>\n","protected":false},"excerpt":{"rendered":"<p>cucumis (import exclusif) Originaire d\u2019Hambourg, Cucumis est le pionnier en Europe de la limonade \u00e0 base de concombre et de lavande. \u00c9labor\u00e9s \u00e0 partir d\u2019ingr\u00e9dients naturels et adapt\u00e9s aux v\u00e9g\u00e9taliens, ces sodas d\u00e9licieux peuvent aussi sublimer les cocktails classiques. Perfectionnez votre Moscow Mule ou votre G&amp;T en amplifiant les saveurs d\u2019agrumes et de plantes avec [&hellip;]<\/p>\n","protected":false},"author":1,"featured_media":0,"parent":0,"menu_order":0,"comment_status":"closed","ping_status":"closed","template":"","meta":{"_acf_changed":false,"_exactmetrics_skip_tracking":false,"_exactmetrics_sitenote_active":false,"_exactmetrics_sitenote_note":"","_exactmetrics_sitenote_category":0,"footnotes":""},"class_list":["post-7263","page","type-page","status-publish","hentry"],"acf":[],"jetpack_sharing_enabled":true,"_links":{"self":[{"href":"https:\/\/www.lovibond-drinks.be\/fr\/wp-json\/wp\/v2\/pages\/7263","targetHints":{"allow":["GET"]}}],"collection":[{"href":"https:\/\/www.lovibond-drinks.be\/fr\/wp-json\/wp\/v2\/pages"}],"about":[{"href":"https:\/\/www.lovibond-drinks.be\/fr\/wp-json\/wp\/v2\/types\/page"}],"author":[{"embeddable":true,"href":"https:\/\/www.lovibond-drinks.be\/fr\/wp-json\/wp\/v2\/users\/1"}],"replies":[{"embeddable":true,"href":"https:\/\/www.lovibond-drinks.be\/fr\/wp-json\/wp\/v2\/comments?post=7263"}],"version-history":[{"count":11,"href":"https:\/\/www.lovibond-drinks.be\/fr\/wp-json\/wp\/v2\/pages\/7263\/revisions"}],"predecessor-version":[{"id":9400,"href":"https:\/\/www.lovibond-drinks.be\/fr\/wp-json\/wp\/v2\/pages\/7263\/revisions\/9400"}],"wp:attachment":[{"href":"https:\/\/www.lovibond-drinks.be\/fr\/wp-json\/wp\/v2\/media?parent=7263"}],"curies":[{"name":"wp","href":"https:\/\/api.w.org\/{rel}","templated":true}]}}